{"id":40,"date":"2013-10-20T22:02:32","date_gmt":"2013-10-20T20:02:32","guid":{"rendered":"http:\/\/scriptrix.de\/?page_id=40"},"modified":"2021-12-13T08:15:21","modified_gmt":"2021-12-13T07:15:21","slug":"scriptrix","status":"publish","type":"page","link":"https:\/\/www.scriptrix.de\/?page_id=40","title":{"rendered":"Scriptrix"},"content":{"rendered":"<p>Beate Schlachter \u2013 seit 1997 freie Redakteurin, Lektorin, Texterin und Autorin<\/p>\n<p><img decoding=\"async\" class=\"aligncenter\" src=\"..\/.\/images\/BSchlachter.jpg\" alt=\"Beate Schlachter\" width=\"250\" align=\"middle\" border=\"0\" vspace=\"25\" \/><\/p>\n<ul>\n<li>Sachbuch und Ratgeber: Kochen, Ern\u00e4hrung &amp; Gesundheit, Reisen, Wohnen &amp; Lifestyle, Sprachlehr- &amp; W\u00f6rterb\u00fccher<\/li>\n<li>Belletristik: Roman, Erz\u00e4hlungen &amp; Kurzprosa, Krimi &amp; Thriller, Science Fiction, Fantasy, Historischer Roman<\/li>\n<li>Unternehmensbranchen: Versicherungen, Immobilien, Unternehmensberatung &amp; Coaching, IT<\/li>\n<\/ul>\n<p><strong><span style=\"font-family: arial,helvetica,sans-serif;\"><span style=\"font-size: medium;\">Kunden (Auswahl)<\/span> <\/span><\/strong><\/p>\n<ul>\n<li>Wilhelm Goldmann Verlag, M\u00fcnchen<\/li>\n<li>Helvetia Versicherungsgesellschaft Deutschland, Frankfurt<\/li>\n<li>btb Verlag, M\u00fcnchen<\/li>\n<li>M\u00fcnchener Verein Versicherungsgruppe<\/li>\n<li>Mosaik, M\u00fcnchen<\/li>\n<li>Bosseler &amp; Abeking Immobilienberatung, M\u00fcnchen<\/li>\n<li>Cate U. Barrett, Autorin, Selfpublisherin<\/li>\n<li>Ansata Verlag, M\u00fcnchen<\/li>\n<li>Lebensversicherung von 1871 a. G., M\u00fcnchen<\/li>\n<li>Blanvalet, M\u00fcnchen<\/li>\n<li>Jugend &amp; Volk, Wien<\/li>\n<li>ComTeam, Gmund<\/li>\n<li>Edito Service\/Atlas, Genf<\/li>\n<\/ul>\n<p><strong>Autoren (Auswahl)<\/strong><\/p>\n<ul>\n<li>Wladimir Kaminer<\/li>\n<li>E L James<\/li>\n<li>Michelle Obama<\/li>\n<li>Lina Jachmann<\/li>\n<li>Lucinda Riley<\/li>\n<li>Anja Bogner<\/li>\n<li>Okka Rohd<\/li>\n<li>Sarah Wiener<\/li>\n<li>Tim M\u00e4lzer<\/li>\n<li>Daphne Sheldrick<\/li>\n<\/ul>\n<p><span style=\"font-family: arial, helvetica, sans-serif;\">\u00a0<strong>Literaturpreise f\u00fcr eigene Texte<\/strong><b><br \/>\n<\/b><\/span><\/p>\n<ul>\n<li><span style=\"font-family: arial, helvetica, sans-serif;\">2009 Haidhauser Werkstattpreis<\/span><\/li>\n<li><span style=\"font-family: arial, helvetica, sans-serif;\">1997 W\u00fcrth Preis der Poetik-Dozentur T\u00fcbingen<\/span><\/li>\n<\/ul>\n","protected":false},"excerpt":{"rendered":"<p>Beate Schlachter \u2013 seit 1997 freie Redakteurin, Lektorin, Texterin und Autorin Sachbuch und Ratgeber: Kochen, Ern\u00e4hrung &amp; Gesundheit, Reisen, Wohnen &amp; Lifestyle, Sprachlehr- &amp; W\u00f6rterb\u00fccher Belletristik: Roman, Erz\u00e4hlungen &amp; Kurzprosa, Krimi &amp; Thriller, Science Fiction, Fantasy, Historischer Roman Unternehmensbranchen: Versicherungen, &hellip; <a href=\"https:\/\/www.scriptrix.de\/?page_id=40\">Weiterlesen <span class=\"meta-nav\">&rarr;<\/span><\/a><\/p>\n","protected":false},"author":1,"featured_media":0,"parent":0,"menu_order":3,"comment_status":"closed","ping_status":"closed","template":"","meta":{"footnotes":""},"class_list":["post-40","page","type-page","status-publish","hentry"],"_links":{"self":[{"href":"https:\/\/www.scriptrix.de\/index.php?rest_route=\/wp\/v2\/pages\/40","targetHints":{"allow":["GET"]}}],"collection":[{"href":"https:\/\/www.scriptrix.de\/index.php?rest_route=\/wp\/v2\/pages"}],"about":[{"href":"https:\/\/www.scriptrix.de\/index.php?rest_route=\/wp\/v2\/types\/page"}],"author":[{"embeddable":true,"href":"https:\/\/www.scriptrix.de\/index.php?rest_route=\/wp\/v2\/users\/1"}],"replies":[{"embeddable":true,"href":"https:\/\/www.scriptrix.de\/index.php?rest_route=%2Fwp%2Fv2%2Fcomments&post=40"}],"version-history":[{"count":40,"href":"https:\/\/www.scriptrix.de\/index.php?rest_route=\/wp\/v2\/pages\/40\/revisions"}],"predecessor-version":[{"id":1251,"href":"https:\/\/www.scriptrix.de\/index.php?rest_route=\/wp\/v2\/pages\/40\/revisions\/1251"}],"wp:attachment":[{"href":"https:\/\/www.scriptrix.de\/index.php?rest_route=%2Fwp%2Fv2%2Fmedia&parent=40"}],"curies":[{"name":"wp","href":"https:\/\/api.w.org\/{rel}","templated":true}]}}