{"id":38,"date":"2013-10-20T21:54:02","date_gmt":"2013-10-20T19:54:02","guid":{"rendered":"http:\/\/scriptrix.de\/?page_id=38"},"modified":"2019-09-18T17:07:10","modified_gmt":"2019-09-18T15:07:10","slug":"service","status":"publish","type":"page","link":"https:\/\/www.scriptrix.de\/?page_id=38","title":{"rendered":"Service f\u00fcr Unternehmen"},"content":{"rendered":"<p>Die Sprache Ihres Unternehmens ist Ihre Visitenkarte. Ob Website, Flyer, Brief oder Brosch\u00fcre: Texte repr\u00e4sentieren Ihr Unternehmen gegen\u00fcber Kunden, Gesch\u00e4ftspartnern und Interessenten. Gute Texte bringen Ihr Angebot auf den Punkt \u2013 klar, verst\u00e4ndlich und ansprechend f\u00fcr Ihre Zielgruppe.<\/p>\n<p><strong>Professionelle Texte nach Ihren Vorgaben<\/strong><\/p>\n<p>Als Texterin und Autorin finde ich die passenden Worte f\u00fcr Ihre<\/p>\n<ul>\n<li>Websites, Blogs und Online-Plattformen<\/li>\n<li>PR-Texte \u2013 von der Pressemitteilung \u00fcber Interviews, Namensartikel, Features, redaktionelle Beitr\u00e4ge oder Anzeigen bis hin zum Buchmanuskript<\/li>\n<li>Flyer, Brosch\u00fcren, Imagepublikationen<\/li>\n<li>Briefe, Mailings, Kundeninformationen<\/li>\n<\/ul>\n<p>Meine St\u00e4rke: Kompliziertes in verst\u00e4ndliche Sprache fassen.<\/p>\n<p><strong>Lektorat oder Redaktion Ihrer Texte<\/strong><\/p>\n<p>F\u00fcr bereits vorhandene Textentw\u00fcrfe biete ich Ihnen<\/p>\n<ul>\n<li>Lektorat auf Sprache, Stil und Verst\u00e4ndlichkeit im Hinblick auf die Zielgruppe<\/li>\n<li>Redaktionelle Bearbeitung, zum Beispiel um Ihren Text an ein vorgegebenes Format anzupassen<\/li>\n<li>Lektorat auch hinsichtlich Ihres Corporate Wordings und unternehmenseigener Standards<\/li>\n<li>Schlusslektorat bzw. Korrektorat auf Orthografie, Grammatik, Typografie und einheitliche Schreibweisen<\/li>\n<\/ul>\n<p><strong>Arbeit nach Ma\u00df<\/strong><\/p>\n<p>Individuelle Texte erfordern Arbeit nach Ma\u00df. F\u00fcr Ihr spezielles Anliegen erstelle ich Ihnen gern ein pers\u00f6nliches Angebot \u2013 <a href=\"http:\/\/www.scriptrix.de\/?page_id=132\">kontaktieren Sie mich<\/a>.<\/p>\n","protected":false},"excerpt":{"rendered":"<p>Die Sprache Ihres Unternehmens ist Ihre Visitenkarte. Ob Website, Flyer, Brief oder Brosch\u00fcre: Texte repr\u00e4sentieren Ihr Unternehmen gegen\u00fcber Kunden, Gesch\u00e4ftspartnern und Interessenten. Gute Texte bringen Ihr Angebot auf den Punkt \u2013 klar, verst\u00e4ndlich und ansprechend f\u00fcr Ihre Zielgruppe. Professionelle Texte &hellip; <a href=\"https:\/\/www.scriptrix.de\/?page_id=38\">Weiterlesen <span class=\"meta-nav\">&rarr;<\/span><\/a><\/p>\n","protected":false},"author":1,"featured_media":0,"parent":0,"menu_order":0,"comment_status":"closed","ping_status":"closed","template":"","meta":{"footnotes":""},"class_list":["post-38","page","type-page","status-publish","hentry"],"_links":{"self":[{"href":"https:\/\/www.scriptrix.de\/index.php?rest_route=\/wp\/v2\/pages\/38","targetHints":{"allow":["GET"]}}],"collection":[{"href":"https:\/\/www.scriptrix.de\/index.php?rest_route=\/wp\/v2\/pages"}],"about":[{"href":"https:\/\/www.scriptrix.de\/index.php?rest_route=\/wp\/v2\/types\/page"}],"author":[{"embeddable":true,"href":"https:\/\/www.scriptrix.de\/index.php?rest_route=\/wp\/v2\/users\/1"}],"replies":[{"embeddable":true,"href":"https:\/\/www.scriptrix.de\/index.php?rest_route=%2Fwp%2Fv2%2Fcomments&post=38"}],"version-history":[{"count":38,"href":"https:\/\/www.scriptrix.de\/index.php?rest_route=\/wp\/v2\/pages\/38\/revisions"}],"predecessor-version":[{"id":1241,"href":"https:\/\/www.scriptrix.de\/index.php?rest_route=\/wp\/v2\/pages\/38\/revisions\/1241"}],"wp:attachment":[{"href":"https:\/\/www.scriptrix.de\/index.php?rest_route=%2Fwp%2Fv2%2Fmedia&parent=38"}],"curies":[{"name":"wp","href":"https:\/\/api.w.org\/{rel}","templated":true}]}}