{"id":25,"date":"2013-10-20T18:20:38","date_gmt":"2013-10-20T16:20:38","guid":{"rendered":"http:\/\/scriptrix.de\/?page_id=25"},"modified":"2019-09-18T17:51:43","modified_gmt":"2019-09-18T15:51:43","slug":"home","status":"publish","type":"page","link":"https:\/\/www.scriptrix.de\/","title":{"rendered":""},"content":{"rendered":"<p style=\"text-align: center;\"><strong>Fehlen Ihnen manchmal die Worte?<\/strong><\/p>\n<p><span style=\"font-family: arial, helvetica, sans-serif;\">Gerne unterst\u00fctze ich Sie: Als Texterin und Autorin schreibe ich Texte nach Ihren Vorgaben \u2013 vom Kundenbrief \u00fcber Webseiten-Content bis hin zum Buchmanuskript. Als Redakteurin und Lektorin pr\u00fcfe ich Ihre Textentw\u00fcrfe auf Herz und Nieren und bringe sie in die gew\u00fcnschte Form.<\/span><\/p>\n<p><a href=\"http:\/\/www.scriptrix.de\/?page_id=30\">Service f\u00fcr Verlage \u00bb<\/a>\u00a0\u00a0\u00a0\u00a0\u00a0\u00a0\u00a0\u00a0\u00a0\u00a0\u00a0\u00a0\u00a0\u00a0\u00a0\u00a0\u00a0\u00a0\u00a0\u00a0\u00a0\u00a0\u00a0\u00a0\u00a0\u00a0\u00a0\u00a0\u00a0\u00a0 \u00a0\u00a0\u00a0 <a href=\"http:\/\/www.scriptrix.de\/?page_id=38\">Service f\u00fcr Unternehmen \u00bb<\/a><\/p>\n<p style=\"text-align: center;\"><strong>Willkommen bei Scriptrix!<\/strong><\/p>\n","protected":false},"excerpt":{"rendered":"<p>Fehlen Ihnen manchmal die Worte? Gerne unterst\u00fctze ich Sie: Als Texterin und Autorin schreibe ich Texte nach Ihren Vorgaben \u2013 vom Kundenbrief \u00fcber Webseiten-Content bis hin zum Buchmanuskript. Als Redakteurin und Lektorin pr\u00fcfe ich Ihre Textentw\u00fcrfe auf Herz und Nieren &hellip; <a href=\"https:\/\/www.scriptrix.de\/\">Weiterlesen <span class=\"meta-nav\">&rarr;<\/span><\/a><\/p>\n","protected":false},"author":1,"featured_media":0,"parent":0,"menu_order":0,"comment_status":"closed","ping_status":"closed","template":"","meta":{"footnotes":""},"class_list":["post-25","page","type-page","status-publish","hentry"],"_links":{"self":[{"href":"https:\/\/www.scriptrix.de\/index.php?rest_route=\/wp\/v2\/pages\/25","targetHints":{"allow":["GET"]}}],"collection":[{"href":"https:\/\/www.scriptrix.de\/index.php?rest_route=\/wp\/v2\/pages"}],"about":[{"href":"https:\/\/www.scriptrix.de\/index.php?rest_route=\/wp\/v2\/types\/page"}],"author":[{"embeddable":true,"href":"https:\/\/www.scriptrix.de\/index.php?rest_route=\/wp\/v2\/users\/1"}],"replies":[{"embeddable":true,"href":"https:\/\/www.scriptrix.de\/index.php?rest_route=%2Fwp%2Fv2%2Fcomments&post=25"}],"version-history":[{"count":39,"href":"https:\/\/www.scriptrix.de\/index.php?rest_route=\/wp\/v2\/pages\/25\/revisions"}],"predecessor-version":[{"id":1248,"href":"https:\/\/www.scriptrix.de\/index.php?rest_route=\/wp\/v2\/pages\/25\/revisions\/1248"}],"wp:attachment":[{"href":"https:\/\/www.scriptrix.de\/index.php?rest_route=%2Fwp%2Fv2%2Fmedia&parent=25"}],"curies":[{"name":"wp","href":"https:\/\/api.w.org\/{rel}","templated":true}]}}