{"id":1055,"date":"2018-05-24T19:31:21","date_gmt":"2018-05-24T17:31:21","guid":{"rendered":"http:\/\/www.scriptrix.de\/?page_id=1055"},"modified":"2019-09-18T17:16:55","modified_gmt":"2019-09-18T15:16:55","slug":"datenschutzerklaerung","status":"publish","type":"page","link":"https:\/\/www.scriptrix.de\/?page_id=1055","title":{"rendered":"Datenschutzerkl\u00e4rung"},"content":{"rendered":"<h2><span style=\"font-family: arial,helvetica,sans-serif;\">Wer wir sind<\/span><\/h2>\n<p><span style=\"font-family: arial,helvetica,sans-serif;\">Anbieter und verantwortliche Stelle im Sinne des Datenschutzgesetzes<\/span><\/p>\n<p><span style=\"font-family: arial,helvetica,sans-serif;\">Beate Schlachter<\/span><br \/>\n<span style=\"font-family: arial,helvetica,sans-serif;\">Jamnitzerstra\u00dfe 19<\/span><br \/>\n<span style=\"font-family: arial,helvetica,sans-serif;\">81543 M\u00fcnchen<\/span><\/p>\n<h2><span style=\"font-family: arial,helvetica,sans-serif;\">Geltungsbereich<\/span><\/h2>\n<p><span style=\"font-family: arial,helvetica,sans-serif;\">Nutzer dieser Seiten erhalten mit dieser Datenschutzerkl\u00e4rung Information \u00fcber die Art, den Umfang und Zweck, aufgrund der ihre Daten durch den verantwortlichen Anbieter erhoben und verwendet werden.<\/span><\/p>\n<p><span style=\"font-family: arial,helvetica,sans-serif;\">Den rechtlichen Rahmen f\u00fcr den Datenschutz bilden das Bundesdatenschutzgesetz (BDSG) und das Telemediengesetz (TMG).<\/span><\/p>\n<h2><span style=\"font-family: arial,helvetica,sans-serif;\">Welche personenbezogenen Daten wir sammeln und warum wir sie sammeln<\/span><\/h2>\n<p><strong><span style=\"font-family: arial,helvetica,sans-serif;\">Erfassung allgemeiner Informationen<\/span><\/strong><\/p>\n<p><span style=\"font-family: arial,helvetica,sans-serif;\">Mit jedem Zugriff auf dieses Angebot werden durch uns bzw. den Webspace-Provider automatisch Informationen erfasst. Diese Informationen, auch als Server-Logfiles bezeichnet, sind allgemeiner Natur und erlauben keine R\u00fcckschl\u00fcsse auf Ihre Person.<\/span><\/p>\n<p><span style=\"font-family: arial, helvetica, sans-serif;\">Gem\u00e4\u00df Information unseres Webspace-Providers werden Zugriffs-Logfiles und Fehler-Logfiles auf dem Server gespeichert. Diese Logfiles enthalten die IP-Adresse des Besuchers, und damit personenbezogene Daten. Es werden dort folgende Daten erfasst:<\/span><\/p>\n<ul style=\"list-style-type: square;\">\n<li><span style=\"font-family: arial, helvetica, sans-serif;\">Besuchte Website<\/span><\/li>\n<li>Uhrzeit zum Zeitpunkt des Zugriffes<\/li>\n<li><span style=\"font-family: arial, helvetica, sans-serif;\">Menge der gesendeten Daten in Byte<\/span><\/li>\n<li><span style=\"font-family: arial, helvetica, sans-serif;\">Quelle\/Verweis, von welchem der Besucher auf die Seite gelangt<\/span><\/li>\n<li><span style=\"font-family: arial, helvetica, sans-serif;\">Verwendeter Browser<\/span><\/li>\n<li><span style=\"font-family: arial, helvetica, sans-serif;\">Verwendetes Betriebssystem<\/span><\/li>\n<li><span style=\"font-family: arial, helvetica, sans-serif;\">Verwendete IP Adresse<\/span><\/li>\n<\/ul>\n<p><span style=\"font-family: arial, helvetica, sans-serif;\">Die IP Adresse wird nach 24 Stunden anonymisiert. Die L\u00f6schung erfolgt dann nach sp\u00e4testens nach 7 Tagen.<br \/>\n<\/span><span style=\"font-family: arial, helvetica, sans-serif;\">Die Logfiles werden zur Aufrechterhaltung des Serverbetriebs und zur statistischen Auswertung erhoben und gespeichert.<\/span><\/p>\n<p><span style=\"font-family: arial,helvetica,sans-serif;\">Ohne diese Daten w\u00e4re es technisch teils nicht m\u00f6glich, die Inhalte der Webseite auszuliefern und darzustellen. Insofern ist die Erfassung der Daten zwingend notwendig. Dar\u00fcber hinaus verwenden wir die anonymen Informationen f\u00fcr statistische Zwecke. Sie helfen uns bei der Optimierung des Angebots und der Technik. Wir behalten uns zudem das Recht vor, die Log-Files bei Verdacht auf eine rechtswidrige Nutzung unseres Angebotes nachtr\u00e4glich zu kontrollieren.<\/span><\/p>\n<p><strong><span style=\"font-family: arial,helvetica,sans-serif;\">Einbindung von Diensten und Inhalten Dritter<\/span><\/strong><\/p>\n<p><span style=\"font-family: arial,helvetica,sans-serif;\">Beitr\u00e4ge auf dieser Website k\u00f6nnen eingebettete Inhalte beinhalten (z.\u00a0B. Videos, Bilder, Beitr\u00e4ge etc.). Eingebettete Inhalte von anderen Websites verhalten sich exakt so, als ob der Besucher die andere Website besucht h\u00e4tte. Damit diese Daten im Browser des Nutzers aufgerufen und dargestellt werden k\u00f6nnen, ist die \u00dcbermittlung der IP-Adresse zwingend notwendig. Die Anbieter (im Folgenden als \u201eDritt-Anbieter\u201c bezeichnet) nehmen also die IP-Adresse des jeweiligen Nutzers wahr.<\/span><\/p>\n<p><span style=\"font-family: arial,helvetica,sans-serif;\">Auch wenn wir bem\u00fcht sind, ausschlie\u00dflich Dritt-Anbieter zu nutzen, welche die IP-Adresse nur ben\u00f6tigen, um Inhalte ausliefern zu k\u00f6nnen, haben wir keinen Einfluss darauf, ob die IP-Adresse m\u00f6glicherweise gespeichert wird. Dieser Vorgang dient in dem Fall unter anderem statistischen Zwecken. Sofern wir Kenntnis davon haben, dass die IP-Adresse gespeichert wird, weisen wir unsere Nutzer darauf hin.<\/span><\/p>\n<h2><span style=\"font-family: arial,helvetica,sans-serif;\">Datensparsamkeit<\/span><\/h2>\n<p><span style=\"font-family: arial,helvetica,sans-serif;\">Personenbezogene Daten speichern wir gem\u00e4\u00df den Grunds\u00e4tzen der Datenvermeidung und Datensparsamkeit nur so lange, wie es erforderlich ist oder vom Gesetzgeber her vorgeschrieben wird (gesetzliche Speicherfrist). Entf\u00e4llt der Zweck der erhobenen Informationen oder endet die Speicherfrist, sperren oder l\u00f6schen wir die Daten.<\/span><\/p>\n<p><strong><span style=\"font-family: arial,helvetica,sans-serif;\">Ihre Rechte auf Auskunft, Berichtigung, Sperre, L\u00f6schung und Widerspruch<\/span><\/strong><\/p>\n<p><span style=\"font-family: arial,helvetica,sans-serif;\">Sie haben das Recht, auf Antrag unentgeltlich eine Auskunft \u00fcber die bei uns gespeicherten personenbezogenen Daten anzufordern und\/oder eine Berichtigung, Sperrung oder L\u00f6schung zu verlangen. Ausnahmen: Es handelt sich um die vorgeschriebene Datenspeicherung zur Gesch\u00e4ftsabwicklung oder die Daten unterliegen der gesetzlichen Aufbewahrungspflicht.<\/span><\/p>\n<p><span style=\"font-family: arial,helvetica,sans-serif;\">F\u00fcr diese Zwecke kontaktieren Sie <a href=\"http:\/\/www.scriptrix.de\/?page_id=132\">Beate Schlachter<\/a>.<\/span><\/p>\n<p><span style=\"font-family: arial,helvetica,sans-serif;\">Um eine Datensperre jederzeit ber\u00fccksichtigen zu k\u00f6nnen, ist es erforderlich, die Daten f\u00fcr Kontrollzwecke in einer Sperrdatei vorzuhalten. Besteht keine gesetzliche Archivierungspflicht, k\u00f6nnen Sie auch die L\u00f6schung der Daten verlangen. Anderenfalls sperren wir die Daten, sofern Sie dies w\u00fcnschen.<\/span><\/p>\n<h2><span style=\"font-family: arial,helvetica,sans-serif;\">\u00c4nderung unserer Datenschutzerkl\u00e4rung<\/span><\/h2>\n<p><span style=\"font-family: arial,helvetica,sans-serif;\">Um zu gew\u00e4hrleisten, dass unsere Datenschutzerkl\u00e4rung stets den aktuellen gesetzlichen Vorgaben entspricht, behalten wir uns jederzeit \u00c4nderungen vor. Das gilt auch f\u00fcr den Fall, dass die Datenschutzerkl\u00e4rung aufgrund neuer oder \u00fcberarbeiteter Leistungen, zum Beispiel neuer Serviceleistungen, angepasst werden muss. Die neue Datenschutzerkl\u00e4rung greift dann bei Ihrem n\u00e4chsten Besuch auf unserem Angebot<\/span>.<\/p>\n<p><span style=\"font-family: arial,helvetica,sans-serif;\">Diese Datenschutzerkl\u00e4rung wurde mithilfe des Datenschutz-Konfigurators von <a href=\"https:\/\/www.mein-datenschutzbeauftragter.de\/datenschutzerklaerung-konfigurator\/\">mein-datenschutzbeauftragter.de<\/a> erstellt. Erg\u00e4nzt von Informationen seitens unseres Webspace-Providers und unserer Webanwendung wurde die Datenschutzerkl\u00e4rung f\u00fcr diese Seite <\/span><span style=\"font-family: arial,helvetica,sans-serif;\">individualisier<\/span><span style=\"font-family: arial,helvetica,sans-serif;\">t.<\/span><\/p>\n","protected":false},"excerpt":{"rendered":"<p>Wer wir sind Anbieter und verantwortliche Stelle im Sinne des Datenschutzgesetzes Beate Schlachter Jamnitzerstra\u00dfe 19 81543 M\u00fcnchen Geltungsbereich Nutzer dieser Seiten erhalten mit dieser Datenschutzerkl\u00e4rung Information \u00fcber die Art, den Umfang und Zweck, aufgrund der ihre Daten durch den verantwortlichen &hellip; <a href=\"https:\/\/www.scriptrix.de\/?page_id=1055\">Weiterlesen <span class=\"meta-nav\">&rarr;<\/span><\/a><\/p>\n","protected":false},"author":2,"featured_media":0,"parent":0,"menu_order":7,"comment_status":"closed","ping_status":"closed","template":"","meta":{"footnotes":""},"class_list":["post-1055","page","type-page","status-publish","hentry"],"_links":{"self":[{"href":"https:\/\/www.scriptrix.de\/index.php?rest_route=\/wp\/v2\/pages\/1055","targetHints":{"allow":["GET"]}}],"collection":[{"href":"https:\/\/www.scriptrix.de\/index.php?rest_route=\/wp\/v2\/pages"}],"about":[{"href":"https:\/\/www.scriptrix.de\/index.php?rest_route=\/wp\/v2\/types\/page"}],"author":[{"embeddable":true,"href":"https:\/\/www.scriptrix.de\/index.php?rest_route=\/wp\/v2\/users\/2"}],"replies":[{"embeddable":true,"href":"https:\/\/www.scriptrix.de\/index.php?rest_route=%2Fwp%2Fv2%2Fcomments&post=1055"}],"version-history":[{"count":29,"href":"https:\/\/www.scriptrix.de\/index.php?rest_route=\/wp\/v2\/pages\/1055\/revisions"}],"predecessor-version":[{"id":1245,"href":"https:\/\/www.scriptrix.de\/index.php?rest_route=\/wp\/v2\/pages\/1055\/revisions\/1245"}],"wp:attachment":[{"href":"https:\/\/www.scriptrix.de\/index.php?rest_route=%2Fwp%2Fv2%2Fmedia&parent=1055"}],"curies":[{"name":"wp","href":"https:\/\/api.w.org\/{rel}","templated":true}]}}